{"id":42,"date":"2012-05-04T10:43:28","date_gmt":"2012-05-04T08:43:28","guid":{"rendered":"http:\/\/auxportesdechambord.barti.fr\/?page_id=42"},"modified":"2015-01-21T15:54:06","modified_gmt":"2015-01-21T15:54:06","slug":"gite-aux-portes-de-chambord","status":"publish","type":"page","link":"https:\/\/auxportesdechambord.barti.fr\/","title":{"rendered":"G\u00eete \u00ab\u00a0aux portes de Chambord\u00a0\u00bb"},"content":{"rendered":"<p>Le g\u00eete se situe \u00e0 proximit\u00e9 imm\u00e9diate du domaine national de Chambord.\u00a0\u00a0\u00a0\u00a0\u00a0\u00a0\u00a0 Ancienne \u00e9curie de notre long\u00e8re, c\u2019est dans un environnement calme et reposant, orient\u00e9 plein sud, ouvert sur la campagne environnante, sans vis-\u00e0-vis que vous viendrez vous d\u00e9tendre dans notre r\u00e9gion o\u00f9 se m\u00ealent le patrimoine, la gastronomie, la culture et l\u2019art de vivre.<a href=\"http:\/\/auxportesdechambord.barti.fr\/wp-content\/uploads\/2015\/01\/IMG_4149.jpg\"><img loading=\"lazy\" class=\"alignright  wp-image-111\" src=\"http:\/\/auxportesdechambord.barti.fr\/wp-content\/uploads\/2015\/01\/IMG_4149-300x225.jpg\" alt=\"IMG_4149\" width=\"377\" height=\"286\" \/><\/a><\/p>\n<p>A partir du g\u00eete, par un petit chemin, vous pourrez vous rendre au ch\u00e2teau, \u00e0 pied ou \u00e0 v\u00e9lo, \u00e0 moins de 3 kms. Vous pourrez \u00e9galement d\u00e9couvrir un patrimoine historique et culturel, entre Loire et Sologne, avec les nombreux monuments dont les ch\u00e2teaux de la Loire\u00a0: Chambord, Cheverny, Blois, Chaumont sur Loire, Chenonceau, Villesavin, Troussay, Beauregard \u2026<a href=\"http:\/\/auxportesdechambord.barti.fr\/wp-content\/uploads\/2015\/01\/IMG_3812.jpg\"><img loading=\"lazy\" class=\"alignright  wp-image-97\" src=\"http:\/\/auxportesdechambord.barti.fr\/wp-content\/uploads\/2015\/01\/IMG_3812-300x225.jpg\" alt=\"IMG_3812\" width=\"378\" height=\"287\" \/><\/a><\/p>\n<p>Le g\u00eete est id\u00e9alement plac\u00e9 \u00e9galement pour vous promener dans la for\u00eat domaniale de Boulogne, profiter de la baignade naturelle de Mont pr\u00e8s Chambord, du festival des jardins \u00e0 Chaumont sur Loire,\u00a0 du zoo parc de Beauval et ses fameux pandas \u2026<\/p>\n<p>Pour les amateurs de v\u00e9los, des pistes cyclables \u00ab\u00a0les ch\u00e2teaux \u00e0 v\u00e9lo\u00a0\u00bb, la \u00ab\u00a0Loire \u00e0 v\u00e9lo\u00a0\u00bb vous permettront de contempler les ch\u00e2teaux et la Loire de fa\u00e7on diff\u00e9rente. Et que dire d\u2019un survol en montgolfi\u00e8re\u2026.<\/p>\n<p>La Loire, class\u00e9e au patrimoine mondial de l\u2019UNESCO depuis 2000, fleuve royal, sauvage que vous pourrez d\u00e9couvrir \u00e0 v\u00e9lo, \u00e0 bord d\u2019une toue ou de fa\u00e7on plus sportive, en cano\u00eb.<\/p>\n","protected":false},"excerpt":{"rendered":"<p>Le g\u00eete se situe \u00e0 proximit\u00e9 imm\u00e9diate du domaine national de Chambord.\u00a0\u00a0\u00a0\u00a0\u00a0\u00a0\u00a0 Ancienne \u00e9curie de notre long\u00e8re, c\u2019est dans un environnement calme et reposant, orient\u00e9 plein sud, ouvert sur la campagne environnante, sans vis-\u00e0-vis que vous viendrez vous d\u00e9tendre dans &hellip; <a href=\"https:\/\/auxportesdechambord.barti.fr\/\">Continuer la lecture <span class=\"meta-nav\">&rarr;<\/span><\/a><\/p>\n","protected":false},"author":1,"featured_media":0,"parent":0,"menu_order":0,"comment_status":"closed","ping_status":"closed","template":"","meta":[],"_links":{"self":[{"href":"https:\/\/auxportesdechambord.barti.fr\/index.php?rest_route=\/wp\/v2\/pages\/42"}],"collection":[{"href":"https:\/\/auxportesdechambord.barti.fr\/index.php?rest_route=\/wp\/v2\/pages"}],"about":[{"href":"https:\/\/auxportesdechambord.barti.fr\/index.php?rest_route=\/wp\/v2\/types\/page"}],"author":[{"embeddable":true,"href":"https:\/\/auxportesdechambord.barti.fr\/index.php?rest_route=\/wp\/v2\/users\/1"}],"replies":[{"embeddable":true,"href":"https:\/\/auxportesdechambord.barti.fr\/index.php?rest_route=%2Fwp%2Fv2%2Fcomments&post=42"}],"version-history":[{"count":4,"href":"https:\/\/auxportesdechambord.barti.fr\/index.php?rest_route=\/wp\/v2\/pages\/42\/revisions"}],"predecessor-version":[{"id":203,"href":"https:\/\/auxportesdechambord.barti.fr\/index.php?rest_route=\/wp\/v2\/pages\/42\/revisions\/203"}],"wp:attachment":[{"href":"https:\/\/auxportesdechambord.barti.fr\/index.php?rest_route=%2Fwp%2Fv2%2Fmedia&parent=42"}],"curies":[{"name":"wp","href":"https:\/\/api.w.org\/{rel}","templated":true}]}}