{"id":18,"date":"2012-05-04T10:14:50","date_gmt":"2012-05-04T08:14:50","guid":{"rendered":"http:\/\/auxportesdechambord.barti.fr\/?page_id=18"},"modified":"2025-03-29T11:29:36","modified_gmt":"2025-03-29T11:29:36","slug":"tarifs","status":"publish","type":"page","link":"https:\/\/auxportesdechambord.barti.fr\/?page_id=18","title":{"rendered":"Tarifs"},"content":{"rendered":"<p><strong>Location \u00e0 la semaine : <\/strong><\/p>\n<ul>\n<li>450 euros<\/li>\n<\/ul>\n<p><strong>Possibilit\u00e9s de location \u00e0 partir de 3 nuits.<\/strong><\/p>\n<ul>\n<li><strong>Tarifs pour 2 personnes<\/strong> (adultes) : 66 euros par nuit<\/li>\n<li><strong>Taxe de s\u00e9jour : 1.50 euros \/ nuit \/adulte<\/strong><\/li>\n<\/ul>\n<p>\u00a0<\/p>\n\n\n<p><\/p>\n","protected":false},"excerpt":{"rendered":"<p>Location \u00e0 la semaine : 450 euros Possibilit\u00e9s de location \u00e0 partir de 3 nuits. Tarifs pour 2 personnes (adultes) : 66 euros par nuit Taxe de s\u00e9jour : 1.50 euros \/ nuit \/adulte \u00a0<\/p>\n","protected":false},"author":1,"featured_media":0,"parent":0,"menu_order":0,"comment_status":"closed","ping_status":"closed","template":"","meta":[],"_links":{"self":[{"href":"https:\/\/auxportesdechambord.barti.fr\/index.php?rest_route=\/wp\/v2\/pages\/18"}],"collection":[{"href":"https:\/\/auxportesdechambord.barti.fr\/index.php?rest_route=\/wp\/v2\/pages"}],"about":[{"href":"https:\/\/auxportesdechambord.barti.fr\/index.php?rest_route=\/wp\/v2\/types\/page"}],"author":[{"embeddable":true,"href":"https:\/\/auxportesdechambord.barti.fr\/index.php?rest_route=\/wp\/v2\/users\/1"}],"replies":[{"embeddable":true,"href":"https:\/\/auxportesdechambord.barti.fr\/index.php?rest_route=%2Fwp%2Fv2%2Fcomments&post=18"}],"version-history":[{"count":10,"href":"https:\/\/auxportesdechambord.barti.fr\/index.php?rest_route=\/wp\/v2\/pages\/18\/revisions"}],"predecessor-version":[{"id":213,"href":"https:\/\/auxportesdechambord.barti.fr\/index.php?rest_route=\/wp\/v2\/pages\/18\/revisions\/213"}],"wp:attachment":[{"href":"https:\/\/auxportesdechambord.barti.fr\/index.php?rest_route=%2Fwp%2Fv2%2Fmedia&parent=18"}],"curies":[{"name":"wp","href":"https:\/\/api.w.org\/{rel}","templated":true}]}}