{"id":13,"date":"2012-05-04T10:10:27","date_gmt":"2012-05-04T08:10:27","guid":{"rendered":"http:\/\/auxportesdechambord.barti.fr\/?page_id=13"},"modified":"2025-03-29T16:36:39","modified_gmt":"2025-03-29T16:36:39","slug":"activites-a-proximite","status":"publish","type":"page","link":"https:\/\/auxportesdechambord.barti.fr\/?page_id=13","title":{"rendered":"Activit\u00e9s \u00e0 proximit\u00e9"},"content":{"rendered":"<p><a href=\"http:\/\/auxportesdechambord.barti.fr\/wp-content\/uploads\/2015\/01\/IMG_2466.jpg\"><img loading=\"lazy\" class=\"alignright size-medium wp-image-91\" src=\"http:\/\/auxportesdechambord.barti.fr\/wp-content\/uploads\/2015\/01\/IMG_2466-300x225.jpg\" alt=\"IMG_2466\" width=\"300\" height=\"225\" srcset=\"https:\/\/auxportesdechambord.barti.fr\/wp-content\/uploads\/2015\/01\/IMG_2466-300x225.jpg 300w, https:\/\/auxportesdechambord.barti.fr\/wp-content\/uploads\/2015\/01\/IMG_2466-1024x768.jpg 1024w, https:\/\/auxportesdechambord.barti.fr\/wp-content\/uploads\/2015\/01\/IMG_2466-400x300.jpg 400w\" sizes=\"(max-width: 300px) 100vw, 300px\" \/><\/a>Situ\u00e9 \u00e0 proximit\u00e9 imm\u00e9diate du parc de Chambord, du circuit de la Loire \u00e0 v\u00e9lo et de la for\u00eat domaniale de Boulogne, vous aurez la possibilit\u00e9 de faire des randonn\u00e9es \u00e0 pieds, en v\u00e9lo sur des chemins d\u00e9di\u00e9s.<\/p>\n<p><a href=\"http:\/\/auxportesdechambord.barti.fr\/wp-content\/uploads\/2015\/01\/IMG_2484.jpg\"><img loading=\"lazy\" class=\"alignright size-medium wp-image-93\" src=\"http:\/\/auxportesdechambord.barti.fr\/wp-content\/uploads\/2015\/01\/IMG_2484-300x225.jpg\" alt=\"IMG_2484\" width=\"300\" height=\"225\" srcset=\"https:\/\/auxportesdechambord.barti.fr\/wp-content\/uploads\/2015\/01\/IMG_2484-300x225.jpg 300w, https:\/\/auxportesdechambord.barti.fr\/wp-content\/uploads\/2015\/01\/IMG_2484-1024x768.jpg 1024w, https:\/\/auxportesdechambord.barti.fr\/wp-content\/uploads\/2015\/01\/IMG_2484-400x300.jpg 400w\" sizes=\"(max-width: 300px) 100vw, 300px\" \/><\/a><a href=\"http:\/\/auxportesdechambord.barti.fr\/wp-content\/uploads\/2015\/01\/IMG_2460.jpg\"><img loading=\"lazy\" class=\"alignright size-medium wp-image-90\" src=\"http:\/\/auxportesdechambord.barti.fr\/wp-content\/uploads\/2015\/01\/IMG_2460-300x225.jpg\" alt=\"IMG_2460\" width=\"300\" height=\"225\" srcset=\"https:\/\/auxportesdechambord.barti.fr\/wp-content\/uploads\/2015\/01\/IMG_2460-300x225.jpg 300w, https:\/\/auxportesdechambord.barti.fr\/wp-content\/uploads\/2015\/01\/IMG_2460-1024x768.jpg 1024w, https:\/\/auxportesdechambord.barti.fr\/wp-content\/uploads\/2015\/01\/IMG_2460-400x300.jpg 400w\" sizes=\"(max-width: 300px) 100vw, 300px\" \/><span style=\"color: #000000;\">Le logement se trouve \u00e0 proximit\u00e9 des<\/span><\/a> ch\u00e2teaux de Chambord, Blois, Cheverny, Villesavin, Chaumont \u2026), de la baignade naturelle de Mont pr\u00e8s Chambord et du zoo parc de Beauval.<\/p>\n<p>Vous pourrez \u00e9galement<\/p>\n<p>&#8211; d\u00e9couvrir les ch\u00e2teaux de Beauregard, de Talcy, Troussay, de Meung sur Loire, d&rsquo;Amboise,\u00a0 de Chenonceau<\/p>\n<p>&#8211; visiter les mus\u00e9es : le clos Luc\u00e9, la maison de la magie, les caves troglodytes de Bourr\u00e9, la maison des \u00e9tangs de St Viatre \u2026<\/p>\n<p><a href=\"http:\/\/auxportesdechambord.barti.fr\/wp-content\/uploads\/2015\/01\/IMG_1279.jpg\"><img loading=\"lazy\" class=\"alignright size-medium wp-image-102\" src=\"http:\/\/auxportesdechambord.barti.fr\/wp-content\/uploads\/2015\/01\/IMG_1279-300x225.jpg\" alt=\"IMG_1279\" width=\"300\" height=\"225\" srcset=\"https:\/\/auxportesdechambord.barti.fr\/wp-content\/uploads\/2015\/01\/IMG_1279-300x225.jpg 300w, https:\/\/auxportesdechambord.barti.fr\/wp-content\/uploads\/2015\/01\/IMG_1279-1024x768.jpg 1024w, https:\/\/auxportesdechambord.barti.fr\/wp-content\/uploads\/2015\/01\/IMG_1279-400x300.jpg 400w\" sizes=\"(max-width: 300px) 100vw, 300px\" \/><\/a>&#8211; admirer les spectacles nocturnes \u00e0 Blois et \u00e0 Chaumont,<\/p>\n<p>&#8211; visiter les parcs et jardins \u00e0 Chaumont sur Loire, au prieur\u00e9 d&rsquo;Orchaise, \u00e0 Meung sur Loire \u2026<\/p>\n<p>&#8211; faire du sport avec la descente de Loire en cano\u00e9, les parcours en trottinettes \u00e9lectriques \u2026<\/p>\n<p>&#8211; faire du golf\u00a0 \u00e0 Cheverny, Onzain et Saint Laurent Nouan,<\/p>\n<h4>&#8211; d\u00e9couvrir la Loire et les ch\u00e2teaux en bateau<\/h4>\n<h4>ou en montgolfi\u00e8re.<\/h4>\n\n\n<p><\/p>\n","protected":false},"excerpt":{"rendered":"<p>Situ\u00e9 \u00e0 proximit\u00e9 imm\u00e9diate du parc de Chambord, du circuit de la Loire \u00e0 v\u00e9lo et de la for\u00eat domaniale de Boulogne, vous aurez la possibilit\u00e9 de faire des randonn\u00e9es \u00e0 pieds, en v\u00e9lo sur des chemins d\u00e9di\u00e9s. Le logement &hellip; <a href=\"https:\/\/auxportesdechambord.barti.fr\/?page_id=13\">Continuer la lecture <span class=\"meta-nav\">&rarr;<\/span><\/a><\/p>\n","protected":false},"author":1,"featured_media":0,"parent":0,"menu_order":0,"comment_status":"closed","ping_status":"closed","template":"","meta":[],"_links":{"self":[{"href":"https:\/\/auxportesdechambord.barti.fr\/index.php?rest_route=\/wp\/v2\/pages\/13"}],"collection":[{"href":"https:\/\/auxportesdechambord.barti.fr\/index.php?rest_route=\/wp\/v2\/pages"}],"about":[{"href":"https:\/\/auxportesdechambord.barti.fr\/index.php?rest_route=\/wp\/v2\/types\/page"}],"author":[{"embeddable":true,"href":"https:\/\/auxportesdechambord.barti.fr\/index.php?rest_route=\/wp\/v2\/users\/1"}],"replies":[{"embeddable":true,"href":"https:\/\/auxportesdechambord.barti.fr\/index.php?rest_route=%2Fwp%2Fv2%2Fcomments&post=13"}],"version-history":[{"count":8,"href":"https:\/\/auxportesdechambord.barti.fr\/index.php?rest_route=\/wp\/v2\/pages\/13\/revisions"}],"predecessor-version":[{"id":223,"href":"https:\/\/auxportesdechambord.barti.fr\/index.php?rest_route=\/wp\/v2\/pages\/13\/revisions\/223"}],"wp:attachment":[{"href":"https:\/\/auxportesdechambord.barti.fr\/index.php?rest_route=%2Fwp%2Fv2%2Fmedia&parent=13"}],"curies":[{"name":"wp","href":"https:\/\/api.w.org\/{rel}","templated":true}]}}