{"id":10,"date":"2012-05-04T10:09:13","date_gmt":"2012-05-04T08:09:13","guid":{"rendered":"http:\/\/auxportesdechambord.barti.fr\/?page_id=10"},"modified":"2025-03-29T16:49:51","modified_gmt":"2025-03-29T16:49:51","slug":"description-du-gite","status":"publish","type":"page","link":"https:\/\/auxportesdechambord.barti.fr\/?page_id=10","title":{"rendered":"Description du g\u00eete"},"content":{"rendered":"<p style=\"text-align: center;\">G\u00eete de charme, class\u00e9 3 \u00e9toiles.<br \/>Au rez de chauss\u00e9e, salon avec canap\u00e9 BZ,donnant sur la terrasse ensoleill\u00e9e<br \/>et jardin ouvert sur la campagne. (non clos)<\/p>\n<p style=\"text-align: center;\"><a href=\"http:\/\/auxportesdechambord.barti.fr\/wp-content\/uploads\/2015\/05\/IMG_4445.jpg\"><img loading=\"lazy\" class=\"size-medium wp-image-131 alignnone\" src=\"http:\/\/auxportesdechambord.barti.fr\/wp-content\/uploads\/2015\/05\/IMG_4445-300x225.jpg\" alt=\"IMG_4445\" width=\"300\" height=\"225\" srcset=\"https:\/\/auxportesdechambord.barti.fr\/wp-content\/uploads\/2015\/05\/IMG_4445-300x225.jpg 300w, https:\/\/auxportesdechambord.barti.fr\/wp-content\/uploads\/2015\/05\/IMG_4445-1024x768.jpg 1024w, https:\/\/auxportesdechambord.barti.fr\/wp-content\/uploads\/2015\/05\/IMG_4445-400x300.jpg 400w\" sizes=\"(max-width: 300px) 100vw, 300px\" \/><\/a><\/p>\n<p style=\"text-align: center;\">Cuisine \u00e9quip\u00e9e (lave vaisselle, lave linge, gazini\u00e8re, micro ondes, cafeti\u00e8re, bouilloire, r\u00e9frig\u00e9rateur, cong\u00e9lateur &#8230;)<\/p>\n<p style=\"text-align: center;\"><a href=\"http:\/\/auxportesdechambord.barti.fr\/wp-content\/uploads\/2015\/05\/IMG_4431.jpg\"><img loading=\"lazy\" class=\"size-medium wp-image-129 aligncenter\" src=\"http:\/\/auxportesdechambord.barti.fr\/wp-content\/uploads\/2015\/05\/IMG_4431-300x225.jpg\" alt=\"IMG_4431\" width=\"300\" height=\"225\" srcset=\"https:\/\/auxportesdechambord.barti.fr\/wp-content\/uploads\/2015\/05\/IMG_4431-300x225.jpg 300w, https:\/\/auxportesdechambord.barti.fr\/wp-content\/uploads\/2015\/05\/IMG_4431-1024x768.jpg 1024w, https:\/\/auxportesdechambord.barti.fr\/wp-content\/uploads\/2015\/05\/IMG_4431-400x300.jpg 400w\" sizes=\"(max-width: 300px) 100vw, 300px\" \/><\/a><\/p>\n<p style=\"text-align: center;\">En mezzanine, lit de 140,<\/p>\n<p style=\"text-align: center;\">\u00a0coin lecture, TV et acc\u00e8s internet<a href=\"http:\/\/auxportesdechambord.barti.fr\/wp-content\/uploads\/2015\/05\/IMG_4442.jpg\"><img loading=\"lazy\" class=\"size-medium wp-image-130 aligncenter\" src=\"http:\/\/auxportesdechambord.barti.fr\/wp-content\/uploads\/2015\/05\/IMG_4442-300x225.jpg\" alt=\"IMG_4442\" width=\"300\" height=\"225\" srcset=\"https:\/\/auxportesdechambord.barti.fr\/wp-content\/uploads\/2015\/05\/IMG_4442-300x225.jpg 300w, https:\/\/auxportesdechambord.barti.fr\/wp-content\/uploads\/2015\/05\/IMG_4442-1024x768.jpg 1024w, https:\/\/auxportesdechambord.barti.fr\/wp-content\/uploads\/2015\/05\/IMG_4442-400x300.jpg 400w\" sizes=\"(max-width: 300px) 100vw, 300px\" \/><\/a><\/p>\n<p style=\"text-align: center;\"><a href=\"http:\/\/auxportesdechambord.barti.fr\/wp-content\/uploads\/2012\/05\/salon-TV-.jpg\"><img loading=\"lazy\" class=\"wp-image-135 aligncenter\" src=\"http:\/\/auxportesdechambord.barti.fr\/wp-content\/uploads\/2012\/05\/salon-TV--300x225.jpg\" alt=\"salon TV\" width=\"304\" height=\"231\" \/><\/a><\/p>\n\n\n<p>Salle d&rsquo;eau et WC s\u00e9par\u00e9<\/p>\n\n\n\n<figure class=\"wp-block-image size-large is-resized\"><a href=\"http:\/\/auxportesdechambord.barti.fr\/wp-content\/uploads\/2025\/03\/salle-deau-gite-1-scaled.jpg\"><img loading=\"lazy\" src=\"http:\/\/auxportesdechambord.barti.fr\/wp-content\/uploads\/2025\/03\/salle-deau-gite-1-768x1024.jpg\" alt=\"\" class=\"wp-image-226\" width=\"246\" height=\"335\"\/><\/a><\/figure>\n\n\n\n<figure class=\"wp-block-image\"><img alt=\"\"\/><\/figure>\n","protected":false},"excerpt":{"rendered":"<p>G\u00eete de charme, class\u00e9 3 \u00e9toiles.Au rez de chauss\u00e9e, salon avec canap\u00e9 BZ,donnant sur la terrasse ensoleill\u00e9eet jardin ouvert sur la campagne. (non clos) Cuisine \u00e9quip\u00e9e (lave vaisselle, lave linge, gazini\u00e8re, micro ondes, cafeti\u00e8re, bouilloire, r\u00e9frig\u00e9rateur, cong\u00e9lateur &#8230;) En mezzanine, &hellip; <a href=\"https:\/\/auxportesdechambord.barti.fr\/?page_id=10\">Continuer la lecture <span class=\"meta-nav\">&rarr;<\/span><\/a><\/p>\n","protected":false},"author":1,"featured_media":0,"parent":0,"menu_order":0,"comment_status":"closed","ping_status":"closed","template":"","meta":[],"_links":{"self":[{"href":"https:\/\/auxportesdechambord.barti.fr\/index.php?rest_route=\/wp\/v2\/pages\/10"}],"collection":[{"href":"https:\/\/auxportesdechambord.barti.fr\/index.php?rest_route=\/wp\/v2\/pages"}],"about":[{"href":"https:\/\/auxportesdechambord.barti.fr\/index.php?rest_route=\/wp\/v2\/types\/page"}],"author":[{"embeddable":true,"href":"https:\/\/auxportesdechambord.barti.fr\/index.php?rest_route=\/wp\/v2\/users\/1"}],"replies":[{"embeddable":true,"href":"https:\/\/auxportesdechambord.barti.fr\/index.php?rest_route=%2Fwp%2Fv2%2Fcomments&post=10"}],"version-history":[{"count":41,"href":"https:\/\/auxportesdechambord.barti.fr\/index.php?rest_route=\/wp\/v2\/pages\/10\/revisions"}],"predecessor-version":[{"id":231,"href":"https:\/\/auxportesdechambord.barti.fr\/index.php?rest_route=\/wp\/v2\/pages\/10\/revisions\/231"}],"wp:attachment":[{"href":"https:\/\/auxportesdechambord.barti.fr\/index.php?rest_route=%2Fwp%2Fv2%2Fmedia&parent=10"}],"curies":[{"name":"wp","href":"https:\/\/api.w.org\/{rel}","templated":true}]}}